{"id":33,"date":"2021-07-24T22:31:25","date_gmt":"2021-07-24T20:31:25","guid":{"rendered":"https:\/\/imkerei-sturm.de\/?page_id=33"},"modified":"2023-10-27T15:20:34","modified_gmt":"2023-10-27T13:20:34","slug":"startseite","status":"publish","type":"page","link":"https:\/\/imkerei-sturm.de\/","title":{"rendered":"Startseite"},"content":{"rendered":"\n<div class=\"wp-block-group alignfull is-layout-constrained wp-block-group-is-layout-constrained\">\n<div class=\"wp-block-cover is-light\"><span aria-hidden=\"true\" class=\"wp-block-cover__background has-background-dim\"><\/span><img loading=\"lazy\" decoding=\"async\" width=\"1600\" height=\"1200\" class=\"wp-block-cover__image-background wp-image-579\" alt=\"\" src=\"https:\/\/imkerei-sturm.de\/wp-content\/uploads\/2023\/10\/WhatsApp-Image-2021-07-24-at-16.49.47.jpeg\" data-object-fit=\"cover\" srcset=\"https:\/\/imkerei-sturm.de\/wp-content\/uploads\/2023\/10\/WhatsApp-Image-2021-07-24-at-16.49.47.jpeg 1600w, https:\/\/imkerei-sturm.de\/wp-content\/uploads\/2023\/10\/WhatsApp-Image-2021-07-24-at-16.49.47-300x225.jpeg 300w, https:\/\/imkerei-sturm.de\/wp-content\/uploads\/2023\/10\/WhatsApp-Image-2021-07-24-at-16.49.47-1024x768.jpeg 1024w, https:\/\/imkerei-sturm.de\/wp-content\/uploads\/2023\/10\/WhatsApp-Image-2021-07-24-at-16.49.47-768x576.jpeg 768w, https:\/\/imkerei-sturm.de\/wp-content\/uploads\/2023\/10\/WhatsApp-Image-2021-07-24-at-16.49.47-1536x1152.jpeg 1536w\" sizes=\"auto, (max-width: 1600px) 100vw, 1600px\" \/><div class=\"wp-block-cover__inner-container is-layout-constrained wp-block-cover-is-layout-constrained\">\n<p class=\"has-text-align-center has-large-font-size\">Honig aus der Region T\u00f6nisvorst &amp; Grefrath<\/p>\n<\/div><\/div>\n<\/div>\n\n\n\n<h2 class=\"wp-block-heading\">Verkaufsh\u00e4user<\/h2>\n\n\n\n<div class=\"wp-block-media-text is-stacked-on-mobile is-image-fill\"><figure class=\"wp-block-media-text__media\" style=\"background-image:url(https:\/\/imkerei-sturm.de\/wp-content\/uploads\/2023\/10\/IMG_7838-1024x815.jpg);background-position:50% 50%\"><img loading=\"lazy\" decoding=\"async\" width=\"1024\" height=\"815\" src=\"https:\/\/imkerei-sturm.de\/wp-content\/uploads\/2023\/10\/IMG_7838-1024x815.jpg\" alt=\"\" class=\"wp-image-595 size-full\" srcset=\"https:\/\/imkerei-sturm.de\/wp-content\/uploads\/2023\/10\/IMG_7838-1024x815.jpg 1024w, https:\/\/imkerei-sturm.de\/wp-content\/uploads\/2023\/10\/IMG_7838-300x239.jpg 300w, https:\/\/imkerei-sturm.de\/wp-content\/uploads\/2023\/10\/IMG_7838-768x611.jpg 768w, https:\/\/imkerei-sturm.de\/wp-content\/uploads\/2023\/10\/IMG_7838-1536x1223.jpg 1536w, https:\/\/imkerei-sturm.de\/wp-content\/uploads\/2023\/10\/IMG_7838-2048x1630.jpg 2048w\" sizes=\"auto, (max-width: 1024px) 100vw, 1024px\" \/><\/figure><div class=\"wp-block-media-text__content\">\n<p>Links neben der Garage, Seidenstr 13, 47918 T\u00f6nisvorst<\/p>\n<\/div><\/div>\n\n\n\n<p><\/p>\n\n\n\n<div class=\"wp-block-media-text is-stacked-on-mobile is-image-fill\"><figure class=\"wp-block-media-text__media\" style=\"background-image:url(https:\/\/imkerei-sturm.de\/wp-content\/uploads\/2023\/10\/bienenHausQuadrat.jpg);background-position:60% 42%\"><img loading=\"lazy\" decoding=\"async\" width=\"440\" height=\"474\" src=\"https:\/\/imkerei-sturm.de\/wp-content\/uploads\/2023\/10\/bienenHausQuadrat.jpg\" alt=\"\" class=\"wp-image-596 size-full\" srcset=\"https:\/\/imkerei-sturm.de\/wp-content\/uploads\/2023\/10\/bienenHausQuadrat.jpg 440w, https:\/\/imkerei-sturm.de\/wp-content\/uploads\/2023\/10\/bienenHausQuadrat-278x300.jpg 278w\" sizes=\"auto, (max-width: 440px) 100vw, 440px\" \/><\/figure><div class=\"wp-block-media-text__content\">\n<p>An der Paas 4, 47929 Grefrath<\/p>\n<\/div><\/div>\n\n\n\n<p><\/p>\n\n\n\n<h2 class=\"wp-block-heading\">Preise &amp; Informationen<\/h2>\n\n\n<p>500gr kosten 6,50EUR<br \/>250gr kosten 4,00EUR<\/p>\n<p>Aktuell sind noch Sommer- und Wintertracht in beiden Gr\u00f6\u00dfen vorhanden.<\/p>\n<p>Achtung: Bei zu warmen (ab ca. 25 Grad) und zu kalten (unter ca. 5 Grad) Temperaturen werden die Honigh\u00e4user geleert um den Honig zu sch\u00fctzen.<\/p>","protected":false},"excerpt":{"rendered":"<p>Verkaufsh\u00e4user Links neben der Garage, Seidenstr 13, 47918 T\u00f6nisvorst An der Paas 4, 47929 Grefrath Preise &amp; Informationen 500gr kosten 6,50EUR250gr kosten 4,00EUR Aktuell sind noch Sommer- und Wintertracht in beiden Gr\u00f6\u00dfen vorhanden. Achtung: Bei zu warmen (ab ca. 25 Grad) und zu kalten (unter ca. 5 Grad) Temperaturen werden die Honigh\u00e4user geleert um den &hellip;<\/p>\n<p class=\"read-more\"> <a class=\"\" href=\"https:\/\/imkerei-sturm.de\/\"> <span class=\"screen-reader-text\">Startseite<\/span> Weiterlesen &raquo;<\/a><\/p>\n","protected":false},"author":2,"featured_media":0,"parent":0,"menu_order":0,"comment_status":"closed","ping_status":"closed","template":"","meta":{"site-sidebar-layout":"default","site-content-layout":"","ast-site-content-layout":"default","site-content-style":"default","site-sidebar-style":"default","ast-global-header-display":"","ast-banner-title-visibility":"","ast-main-header-display":"","ast-hfb-above-header-display":"","ast-hfb-below-header-display":"","ast-hfb-mobile-header-display":"","site-post-title":"disabled","ast-breadcrumbs-content":"","ast-featured-img":"","footer-sml-layout":"","theme-transparent-header-meta":"","adv-header-id-meta":"","stick-header-meta":"","header-above-stick-meta":"","header-main-stick-meta":"","header-below-stick-meta":"","astra-migrate-meta-layouts":"","ast-page-background-enabled":"default","ast-page-background-meta":{"desktop":{"background-color":"var(--ast-global-color-4)","background-image":"","background-repeat":"repeat","background-position":"center center","background-size":"auto","background-attachment":"scroll","background-type":"","background-media":"","overlay-type":"","overlay-color":"","overlay-gradient":""},"tablet":{"background-color":"","background-image":"","background-repeat":"repeat","background-position":"center center","background-size":"auto","background-attachment":"scroll","background-type":"","background-media":"","overlay-type":"","overlay-color":"","overlay-gradient":""},"mobile":{"background-color":"","background-image":"","background-repeat":"repeat","background-position":"center center","background-size":"auto","background-attachment":"scroll","background-type":"","background-media":"","overlay-type":"","overlay-color":"","overlay-gradient":""}},"ast-content-background-meta":{"desktop":{"background-color":"var(--ast-global-color-5)","background-image":"","background-repeat":"repeat","background-position":"center center","background-size":"auto","background-attachment":"scroll","background-type":"","background-media":"","overlay-type":"","overlay-color":"","overlay-gradient":""},"tablet":{"background-color":"var(--ast-global-color-5)","background-image":"","background-repeat":"repeat","background-position":"center center","background-size":"auto","background-attachment":"scroll","background-type":"","background-media":"","overlay-type":"","overlay-color":"","overlay-gradient":""},"mobile":{"background-color":"var(--ast-global-color-5)","background-image":"","background-repeat":"repeat","background-position":"center center","background-size":"auto","background-attachment":"scroll","background-type":"","background-media":"","overlay-type":"","overlay-color":"","overlay-gradient":""}},"footnotes":""},"class_list":["post-33","page","type-page","status-publish","hentry"],"_links":{"self":[{"href":"https:\/\/imkerei-sturm.de\/index.php\/wp-json\/wp\/v2\/pages\/33","targetHints":{"allow":["GET"]}}],"collection":[{"href":"https:\/\/imkerei-sturm.de\/index.php\/wp-json\/wp\/v2\/pages"}],"about":[{"href":"https:\/\/imkerei-sturm.de\/index.php\/wp-json\/wp\/v2\/types\/page"}],"author":[{"embeddable":true,"href":"https:\/\/imkerei-sturm.de\/index.php\/wp-json\/wp\/v2\/users\/2"}],"replies":[{"embeddable":true,"href":"https:\/\/imkerei-sturm.de\/index.php\/wp-json\/wp\/v2\/comments?post=33"}],"version-history":[{"count":48,"href":"https:\/\/imkerei-sturm.de\/index.php\/wp-json\/wp\/v2\/pages\/33\/revisions"}],"predecessor-version":[{"id":600,"href":"https:\/\/imkerei-sturm.de\/index.php\/wp-json\/wp\/v2\/pages\/33\/revisions\/600"}],"wp:attachment":[{"href":"https:\/\/imkerei-sturm.de\/index.php\/wp-json\/wp\/v2\/media?parent=33"}],"curies":[{"name":"wp","href":"https:\/\/api.w.org\/{rel}","templated":true}]}}